{"id":939,"date":"2026-03-23T21:32:56","date_gmt":"2026-03-23T21:32:56","guid":{"rendered":"https:\/\/theta-masterstudio.com\/?post_type=product&#038;p=939"},"modified":"2026-03-25T09:55:17","modified_gmt":"2026-03-25T09:55:17","slug":"pirmasis-nuraminimo-seansas","status":"publish","type":"product","link":"https:\/\/theta-masterstudio.com\/en\/product\/pirmasis-nuraminimo-seansas\/","title":{"rendered":"Pirmasis nuraminimo seansas"},"content":{"rendered":"<p data-start=\"25\" data-end=\"342\"><strong data-start=\"25\" data-end=\"56\">Pirmasis nuraminimo seansas<\/strong> \u2013 tai trumpas nemokamas \u012fvadinis seansas, skirtas pirmai pa\u017ein\u010diai su \u201eTheta Master Studio\u201c. \u0160velni garsin\u0117 strukt\u016bra padeda suma\u017einti vidin\u0119 \u012ftamp\u0105, nuraminti mintis ir pereiti \u012f ramesn\u0119 b\u016bsen\u0105. Seansas sukurtas tiems, kurie nori saugiai ir paprastai i\u0161bandyti \u0161\u012f format\u0105 pirm\u0105 kart\u0105.<\/p>\n<p data-start=\"344\" data-end=\"505\"><strong data-start=\"344\" data-end=\"355\">Trukm\u0117:<\/strong> 8 min<br data-start=\"361\" data-end=\"364\" \/><strong data-start=\"364\" data-end=\"378\">Paskirtis:<\/strong> pirmai pa\u017ein\u010diai, lengvam nuraminimui ir atsipalaidavimui<br data-start=\"436\" data-end=\"439\" data-is-only-node=\"\" \/><strong data-start=\"439\" data-end=\"454\">Naudojimas:<\/strong> geriausia klausyti su ausin\u0117mis, ramioje aplinkoje<\/p>\n<p data-start=\"507\" data-end=\"611\" data-is-last-node=\"\" data-is-only-node=\"\"><strong data-start=\"507\" data-end=\"518\">Svarbu:<\/strong> po registracijos suteikiamas vienas nemokamas \u012fvadinis seansas, skirtas vienam perklausymui.<\/p>","protected":false},"excerpt":{"rendered":"<p>Pirmasis nuraminimo seansas \u2013 tai trumpas nemokamas \u012fvadinis seansas, skirtas pirmai pa\u017ein\u010diai su \u201eTheta Master Studio\u201c. \u0160velni garsin\u0117 strukt\u016bra padeda [&hellip;]<\/p>\n","protected":false},"featured_media":558,"comment_status":"open","ping_status":"closed","template":"","meta":{"site-sidebar-layout":"default","site-content-layout":"","ast-site-content-layout":"default","site-content-style":"default","site-sidebar-style":"default","ast-global-header-display":"","ast-banner-title-visibility":"","ast-main-header-display":"","ast-hfb-above-header-display":"","ast-hfb-below-header-display":"","ast-hfb-mobile-header-display":"","site-post-title":"","ast-breadcrumbs-content":"","ast-featured-img":"","footer-sml-layout":"","ast-disable-related-posts":"","theme-transparent-header-meta":"default","adv-header-id-meta":"","stick-header-meta":"","header-above-stick-meta":"","header-main-stick-meta":"","header-below-stick-meta":"","astra-migrate-meta-layouts":"set","ast-page-background-enabled":"default","ast-page-background-meta":{"desktop":{"background-color":"var(--ast-global-color-5)","background-image":"","background-repeat":"repeat","background-position":"center center","background-size":"auto","background-attachment":"scroll","background-type":"","background-media":"","overlay-type":"","overlay-color":"","overlay-opacity":"","overlay-gradient":""},"tablet":{"background-color":"","background-image":"","background-repeat":"repeat","background-position":"center center","background-size":"auto","background-attachment":"scroll","background-type":"","background-media":"","overlay-type":"","overlay-color":"","overlay-opacity":"","overlay-gradient":""},"mobile":{"background-color":"","background-image":"","background-repeat":"repeat","background-position":"center center","background-size":"auto","background-attachment":"scroll","background-type":"","background-media":"","overlay-type":"","overlay-color":"","overlay-opacity":"","overlay-gradient":""}},"ast-content-background-meta":{"desktop":{"background-color":"var(--ast-global-color-4)","background-image":"","background-repeat":"repeat","background-position":"center center","background-size":"auto","background-attachment":"scroll","background-type":"","background-media":"","overlay-type":"","overlay-color":"","overlay-opacity":"","overlay-gradient":""},"tablet":{"background-color":"var(--ast-global-color-4)","background-image":"","background-repeat":"repeat","background-position":"center center","background-size":"auto","background-attachment":"scroll","background-type":"","background-media":"","overlay-type":"","overlay-color":"","overlay-opacity":"","overlay-gradient":""},"mobile":{"background-color":"var(--ast-global-color-4)","background-image":"","background-repeat":"repeat","background-position":"center center","background-size":"auto","background-attachment":"scroll","background-type":"","background-media":"","overlay-type":"","overlay-color":"","overlay-opacity":"","overlay-gradient":""}}},"product_brand":[],"product_cat":[41],"product_tag":[],"class_list":{"0":"post-939","1":"product","2":"type-product","3":"status-publish","4":"has-post-thumbnail","6":"product_cat-nuraminimas","7":"desktop-align-left","8":"tablet-align-left","9":"mobile-align-left","11":"first","12":"instock","13":"downloadable","14":"virtual","15":"product-type-simple"},"jetpack_sharing_enabled":true,"_links":{"self":[{"href":"https:\/\/theta-masterstudio.com\/en\/wp-json\/wp\/v2\/product\/939","targetHints":{"allow":["GET"]}}],"collection":[{"href":"https:\/\/theta-masterstudio.com\/en\/wp-json\/wp\/v2\/product"}],"about":[{"href":"https:\/\/theta-masterstudio.com\/en\/wp-json\/wp\/v2\/types\/product"}],"replies":[{"embeddable":true,"href":"https:\/\/theta-masterstudio.com\/en\/wp-json\/wp\/v2\/comments?post=939"}],"wp:featuredmedia":[{"embeddable":true,"href":"https:\/\/theta-masterstudio.com\/en\/wp-json\/wp\/v2\/media\/558"}],"wp:attachment":[{"href":"https:\/\/theta-masterstudio.com\/en\/wp-json\/wp\/v2\/media?parent=939"}],"wp:term":[{"taxonomy":"product_brand","embeddable":true,"href":"https:\/\/theta-masterstudio.com\/en\/wp-json\/wp\/v2\/product_brand?post=939"},{"taxonomy":"product_cat","embeddable":true,"href":"https:\/\/theta-masterstudio.com\/en\/wp-json\/wp\/v2\/product_cat?post=939"},{"taxonomy":"product_tag","embeddable":true,"href":"https:\/\/theta-masterstudio.com\/en\/wp-json\/wp\/v2\/product_tag?post=939"}],"curies":[{"name":"wp","href":"https:\/\/api.w.org\/{rel}","templated":true}]}}