{"id":546,"date":"2026-03-03T21:55:45","date_gmt":"2026-03-03T21:55:45","guid":{"rendered":"https:\/\/theta-masterstudio.com\/?post_type=product&#038;p=546"},"modified":"2026-03-14T22:18:42","modified_gmt":"2026-03-14T22:18:42","slug":"rytine-migrena_12-min","status":"publish","type":"product","link":"https:\/\/theta-masterstudio.com\/en\/product\/rytine-migrena_12-min\/","title":{"rendered":"Rytin\u0117 migrena_12 min."},"content":{"rendered":"<h2>Apie seans\u0105<\/h2>\n<p>Padeda suma\u017einti nerv\u0173 sistemos \u012ftamp\u0105 migrenos metu<br \/>\nir pereiti \u012f stabilesn\u0119 b\u016bsen\u0105.<\/p>\n<h2>Kada naudoti<\/h2>\n<ul>\n<li>migrenos epizodo metu<\/li>\n<li>padid\u0117jus galvos spaudimui<\/li>\n<\/ul>\n<h2>Technin\u0117 informacija<\/h2>\n<p>Trukm\u0117: 15 min<\/p>\n<h2>Svarbi pastaba<\/h2>\n<p>\u0160ie audio seansai skirti atsipalaidavimui ir savireguliacijai.<br \/>\nTai n\u0117ra medicinin\u0117 paslauga, gydymo priemon\u0117 ar individuali sveikatos konsultacija.<\/p>\n<h2>Prieiga prie seanso<\/h2>\n<p>Po apmok\u0117jimo seansas tampa pasiekiamas j\u016bs\u0173 paskyroje 30 dien\u0173.<br \/>\nSeansas skirtas klausymui online ir n\u0117ra atsisiun\u010diamas \u012f \u012frengin\u012f.<\/p>","protected":false},"excerpt":{"rendered":"<p>Ilgesnis seansas skirtas migrenos epizodams vakare arba nakt\u012f.<br \/>\nPadeda pereiti \u012f ramesn\u0119 b\u016bsen\u0105 prie\u0161 mieg\u0105.<\/p>\n<p>Prieiga suteikiama 30 dien\u0173 nuo apmok\u0117jimo. Seansas skirtas klausymui online paskyroje ir n\u0117ra atsisiun\u010diamas.<\/p>","protected":false},"featured_media":558,"comment_status":"open","ping_status":"closed","template":"","meta":{"site-sidebar-layout":"default","site-content-layout":"","ast-site-content-layout":"default","site-content-style":"default","site-sidebar-style":"default","ast-global-header-display":"","ast-banner-title-visibility":"","ast-main-header-display":"","ast-hfb-above-header-display":"","ast-hfb-below-header-display":"","ast-hfb-mobile-header-display":"","site-post-title":"","ast-breadcrumbs-content":"","ast-featured-img":"","footer-sml-layout":"","ast-disable-related-posts":"","theme-transparent-header-meta":"default","adv-header-id-meta":"","stick-header-meta":"","header-above-stick-meta":"","header-main-stick-meta":"","header-below-stick-meta":"","astra-migrate-meta-layouts":"set","ast-page-background-enabled":"default","ast-page-background-meta":{"desktop":{"background-color":"var(--ast-global-color-5)","background-image":"","background-repeat":"repeat","background-position":"center center","background-size":"auto","background-attachment":"scroll","background-type":"","background-media":"","overlay-type":"","overlay-color":"","overlay-opacity":"","overlay-gradient":""},"tablet":{"background-color":"","background-image":"","background-repeat":"repeat","background-position":"center center","background-size":"auto","background-attachment":"scroll","background-type":"","background-media":"","overlay-type":"","overlay-color":"","overlay-opacity":"","overlay-gradient":""},"mobile":{"background-color":"","background-image":"","background-repeat":"repeat","background-position":"center center","background-size":"auto","background-attachment":"scroll","background-type":"","background-media":"","overlay-type":"","overlay-color":"","overlay-opacity":"","overlay-gradient":""}},"ast-content-background-meta":{"desktop":{"background-color":"var(--ast-global-color-4)","background-image":"","background-repeat":"repeat","background-position":"center center","background-size":"auto","background-attachment":"scroll","background-type":"","background-media":"","overlay-type":"","overlay-color":"","overlay-opacity":"","overlay-gradient":""},"tablet":{"background-color":"var(--ast-global-color-4)","background-image":"","background-repeat":"repeat","background-position":"center center","background-size":"auto","background-attachment":"scroll","background-type":"","background-media":"","overlay-type":"","overlay-color":"","overlay-opacity":"","overlay-gradient":""},"mobile":{"background-color":"var(--ast-global-color-4)","background-image":"","background-repeat":"repeat","background-position":"center center","background-size":"auto","background-attachment":"scroll","background-type":"","background-media":"","overlay-type":"","overlay-color":"","overlay-opacity":"","overlay-gradient":""}}},"product_brand":[],"product_cat":[43],"product_tag":[],"class_list":{"0":"post-546","1":"product","2":"type-product","3":"status-publish","4":"has-post-thumbnail","6":"product_cat-nervu-sistemos-stabilizavimas","7":"desktop-align-left","8":"tablet-align-left","9":"mobile-align-left","11":"first","12":"instock","13":"virtual","14":"purchasable","15":"product-type-simple"},"jetpack_sharing_enabled":true,"_links":{"self":[{"href":"https:\/\/theta-masterstudio.com\/en\/wp-json\/wp\/v2\/product\/546","targetHints":{"allow":["GET"]}}],"collection":[{"href":"https:\/\/theta-masterstudio.com\/en\/wp-json\/wp\/v2\/product"}],"about":[{"href":"https:\/\/theta-masterstudio.com\/en\/wp-json\/wp\/v2\/types\/product"}],"replies":[{"embeddable":true,"href":"https:\/\/theta-masterstudio.com\/en\/wp-json\/wp\/v2\/comments?post=546"}],"wp:featuredmedia":[{"embeddable":true,"href":"https:\/\/theta-masterstudio.com\/en\/wp-json\/wp\/v2\/media\/558"}],"wp:attachment":[{"href":"https:\/\/theta-masterstudio.com\/en\/wp-json\/wp\/v2\/media?parent=546"}],"wp:term":[{"taxonomy":"product_brand","embeddable":true,"href":"https:\/\/theta-masterstudio.com\/en\/wp-json\/wp\/v2\/product_brand?post=546"},{"taxonomy":"product_cat","embeddable":true,"href":"https:\/\/theta-masterstudio.com\/en\/wp-json\/wp\/v2\/product_cat?post=546"},{"taxonomy":"product_tag","embeddable":true,"href":"https:\/\/theta-masterstudio.com\/en\/wp-json\/wp\/v2\/product_tag?post=546"}],"curies":[{"name":"wp","href":"https:\/\/api.w.org\/{rel}","templated":true}]}}