{"id":96,"date":"2025-11-18T11:21:22","date_gmt":"2025-11-18T11:21:22","guid":{"rendered":"https:\/\/theta-masterstudio.com\/?page_id=96"},"modified":"2025-11-18T13:18:03","modified_gmt":"2025-11-18T13:18:03","slug":"apie-sistema","status":"publish","type":"page","link":"https:\/\/theta-masterstudio.com\/en\/apie-sistema\/","title":{"rendered":"Apie Sistem\u0105"},"content":{"rendered":"<h2 class=\"wp-block-heading\"><strong>Kaip veikia Theta Master Studio?<\/strong><\/h2>\n\n\n\n<h3 class=\"wp-block-heading\">\ud83d\udd39 Neuromoduliacin\u0117 audio terapija<\/h3>\n\n\n\n<p>Tiksliai moduliuojami da\u017eniai veikia autonomin\u0119 nerv\u0173 sistem\u0105.<\/p>\n\n\n\n<h3 class=\"wp-block-heading\">\ud83d\udd39 Nat\u016bralus streso ma\u017einimas<\/h3>\n\n\n\n<p>Seansas aktyvuoja parasimpatin\u0119 sistem\u0105.<\/p>\n\n\n\n<h3 class=\"wp-block-heading\">\ud83d\udd39 Klinikin\u0117 strukt\u016bra<\/h3>\n\n\n\n<p>Be vaist\u0173, be \u0161alutini\u0173 poveiki\u0173.<\/p>\n\n\n\n<h3 class=\"wp-block-heading\">\ud83d\udd39 Kod\u0117l tai efektyvu?<\/h3>\n\n\n\n<p>Garsas pasiekia limbin\u0119 sistem\u0105 grei\u010diau nei \u017eod\u017eiai.<\/p>\n\n\n\n<hr class=\"wp-block-separator has-alpha-channel-opacity\"\/>\n\n\n\n<h3 class=\"wp-block-heading\"><strong>Kas naudojama?<\/strong><\/h3>\n\n\n\n<ul class=\"wp-block-list\">\n<li>2\u20138 Hz Theta moduliai<\/li>\n\n\n\n<li>40 Hz stimuliaciniai moduliai<\/li>\n\n\n\n<li>528 Hz regeneracija<\/li>\n\n\n\n<li>7.83 Hz \u017eem\u0117s rezonansas<\/li>\n\n\n\n<li>Asimetri\u0161kai judantis stereo<\/li>\n<\/ul>","protected":false},"excerpt":{"rendered":"<p>Kaip veikia Theta Master Studio? \ud83d\udd39 Neuromoduliacin\u0117 audio terapija Tiksliai moduliuojami da\u017eniai veikia autonomin\u0119 nerv\u0173 sistem\u0105. \ud83d\udd39 Nat\u016bralus streso ma\u017einimas [&hellip;]<\/p>\n","protected":false},"author":1,"featured_media":0,"parent":0,"menu_order":0,"comment_status":"closed","ping_status":"closed","template":"","meta":{"site-sidebar-layout":"default","site-content-layout":"","ast-site-content-layout":"default","site-content-style":"default","site-sidebar-style":"default","ast-global-header-display":"","ast-banner-title-visibility":"","ast-main-header-display":"","ast-hfb-above-header-display":"","ast-hfb-below-header-display":"","ast-hfb-mobile-header-display":"","site-post-title":"","ast-breadcrumbs-content":"","ast-featured-img":"","footer-sml-layout":"","ast-disable-related-posts":"","theme-transparent-header-meta":"","adv-header-id-meta":"","stick-header-meta":"","header-above-stick-meta":"","header-main-stick-meta":"","header-below-stick-meta":"","astra-migrate-meta-layouts":"default","ast-page-background-enabled":"default","ast-page-background-meta":{"desktop":{"background-color":"var(--ast-global-color-5)","background-image":"","background-repeat":"repeat","background-position":"center center","background-size":"auto","background-attachment":"scroll","background-type":"","background-media":"","overlay-type":"","overlay-color":"","overlay-opacity":"","overlay-gradient":""},"tablet":{"background-color":"","background-image":"","background-repeat":"repeat","background-position":"center center","background-size":"auto","background-attachment":"scroll","background-type":"","background-media":"","overlay-type":"","overlay-color":"","overlay-opacity":"","overlay-gradient":""},"mobile":{"background-color":"","background-image":"","background-repeat":"repeat","background-position":"center center","background-size":"auto","background-attachment":"scroll","background-type":"","background-media":"","overlay-type":"","overlay-color":"","overlay-opacity":"","overlay-gradient":""}},"ast-content-background-meta":{"desktop":{"background-color":"var(--ast-global-color-4)","background-image":"","background-repeat":"repeat","background-position":"center center","background-size":"auto","background-attachment":"scroll","background-type":"","background-media":"","overlay-type":"","overlay-color":"","overlay-opacity":"","overlay-gradient":""},"tablet":{"background-color":"var(--ast-global-color-4)","background-image":"","background-repeat":"repeat","background-position":"center center","background-size":"auto","background-attachment":"scroll","background-type":"","background-media":"","overlay-type":"","overlay-color":"","overlay-opacity":"","overlay-gradient":""},"mobile":{"background-color":"var(--ast-global-color-4)","background-image":"","background-repeat":"repeat","background-position":"center center","background-size":"auto","background-attachment":"scroll","background-type":"","background-media":"","overlay-type":"","overlay-color":"","overlay-opacity":"","overlay-gradient":""}},"footnotes":""},"class_list":["post-96","page","type-page","status-publish","hentry"],"jetpack_sharing_enabled":true,"_links":{"self":[{"href":"https:\/\/theta-masterstudio.com\/en\/wp-json\/wp\/v2\/pages\/96","targetHints":{"allow":["GET"]}}],"collection":[{"href":"https:\/\/theta-masterstudio.com\/en\/wp-json\/wp\/v2\/pages"}],"about":[{"href":"https:\/\/theta-masterstudio.com\/en\/wp-json\/wp\/v2\/types\/page"}],"author":[{"embeddable":true,"href":"https:\/\/theta-masterstudio.com\/en\/wp-json\/wp\/v2\/users\/1"}],"replies":[{"embeddable":true,"href":"https:\/\/theta-masterstudio.com\/en\/wp-json\/wp\/v2\/comments?post=96"}],"version-history":[{"count":3,"href":"https:\/\/theta-masterstudio.com\/en\/wp-json\/wp\/v2\/pages\/96\/revisions"}],"predecessor-version":[{"id":131,"href":"https:\/\/theta-masterstudio.com\/en\/wp-json\/wp\/v2\/pages\/96\/revisions\/131"}],"wp:attachment":[{"href":"https:\/\/theta-masterstudio.com\/en\/wp-json\/wp\/v2\/media?parent=96"}],"curies":[{"name":"wp","href":"https:\/\/api.w.org\/{rel}","templated":true}]}}