{"id":886,"date":"2026-03-15T22:57:14","date_gmt":"2026-03-15T22:57:14","guid":{"rendered":"https:\/\/theta-masterstudio.com\/?page_id=886"},"modified":"2026-04-08T17:43:51","modified_gmt":"2026-04-08T17:43:51","slug":"duk","status":"publish","type":"page","link":"https:\/\/theta-masterstudio.com\/en\/duk\/","title":{"rendered":"FAQ"},"content":{"rendered":"<section class=\"tms-section tms-faq-section\">\n  <h2>Frequently asked questions<\/h2>\n\n  <div class=\"tms-faq-list\">\n\n    <div class=\"tms-faq-item\">\n      <h3>Can I use Theta Master Studio as an app on my phone?<\/h3>\n      <p>Yes. You can install Theta Master Studio on your phone's home screen and open it almost like an app.<\/p>\n      <p><strong>On your Android phone:<\/strong><br>open the site via <strong>Chrome<\/strong>, then select from the browser menu <strong>\"Install the app\"<\/strong> or <strong>\"Add to Home Screen\"<\/strong>.<\/p>\n      <p class=\" translation-block\">On iPhone: Open the website in Safari, tap Share, and select Add to Home Screen.<\/p>\n      <p>With Theta Master Studio installed, you will be able to open the website faster directly from your phone screen.<\/p>\n    <\/div>\n\n    <div class=\"tms-faq-item\">\n      <h3>Where can I find my purchased sessions?<\/h3>\n      <p class=\" translation-block\">All purchased sessions can be found in your account under <strong>My Sessions<\/strong>.<\/p>\n    <\/div>\n\n    <div class=\"tms-faq-item\">\n      <h3>How long is access to a session valid for?<\/h3>\n      <p class=\" translation-block\">Access to the session is granted <strong>30 days after payment<\/strong>.<\/p>\n    <\/div>\n\n    <div class=\"tms-faq-item\">\n      <h3>Is it better to listen to the sessions with headphones?<\/h3>\n      <p class=\" translation-block\">Yes. For best results, listening with headphones is recommended.<\/p>\n    <\/div>\n\n    <div class=\"tms-faq-item\">\n      <h3>Are the sessions downloadable?<\/h3>\n      <p class=\" translation-block\">No. Sessions are for listening on the website through your account, in the <strong>\"My Sessions\"<\/strong> section.<\/p>\n    <\/div>\n\n  <\/div>\n<\/section>","protected":false},"excerpt":{"rendered":"<p>Da\u017eniausiai u\u017eduodami klausimai Ar galiu naudoti Theta Master Studio kaip program\u0117l\u0119 telefone? Taip. Theta Master Studio galite \u012fsidiegti \u012f telefono [&hellip;]<\/p>\n","protected":false},"author":1,"featured_media":0,"parent":0,"menu_order":0,"comment_status":"closed","ping_status":"closed","template":"","meta":{"site-sidebar-layout":"default","site-content-layout":"","ast-site-content-layout":"default","site-content-style":"default","site-sidebar-style":"default","ast-global-header-display":"","ast-banner-title-visibility":"","ast-main-header-display":"","ast-hfb-above-header-display":"","ast-hfb-below-header-display":"","ast-hfb-mobile-header-display":"","site-post-title":"","ast-breadcrumbs-content":"","ast-featured-img":"","footer-sml-layout":"","ast-disable-related-posts":"","theme-transparent-header-meta":"","adv-header-id-meta":"","stick-header-meta":"","header-above-stick-meta":"","header-main-stick-meta":"","header-below-stick-meta":"","astra-migrate-meta-layouts":"default","ast-page-background-enabled":"default","ast-page-background-meta":{"desktop":{"background-color":"var(--ast-global-color-5)","background-image":"","background-repeat":"repeat","background-position":"center center","background-size":"auto","background-attachment":"scroll","background-type":"","background-media":"","overlay-type":"","overlay-color":"","overlay-opacity":"","overlay-gradient":""},"tablet":{"background-color":"","background-image":"","background-repeat":"repeat","background-position":"center center","background-size":"auto","background-attachment":"scroll","background-type":"","background-media":"","overlay-type":"","overlay-color":"","overlay-opacity":"","overlay-gradient":""},"mobile":{"background-color":"","background-image":"","background-repeat":"repeat","background-position":"center center","background-size":"auto","background-attachment":"scroll","background-type":"","background-media":"","overlay-type":"","overlay-color":"","overlay-opacity":"","overlay-gradient":""}},"ast-content-background-meta":{"desktop":{"background-color":"var(--ast-global-color-4)","background-image":"","background-repeat":"repeat","background-position":"center center","background-size":"auto","background-attachment":"scroll","background-type":"","background-media":"","overlay-type":"","overlay-color":"","overlay-opacity":"","overlay-gradient":""},"tablet":{"background-color":"var(--ast-global-color-4)","background-image":"","background-repeat":"repeat","background-position":"center center","background-size":"auto","background-attachment":"scroll","background-type":"","background-media":"","overlay-type":"","overlay-color":"","overlay-opacity":"","overlay-gradient":""},"mobile":{"background-color":"var(--ast-global-color-4)","background-image":"","background-repeat":"repeat","background-position":"center center","background-size":"auto","background-attachment":"scroll","background-type":"","background-media":"","overlay-type":"","overlay-color":"","overlay-opacity":"","overlay-gradient":""}},"footnotes":""},"class_list":["post-886","page","type-page","status-publish","hentry"],"jetpack_sharing_enabled":true,"_links":{"self":[{"href":"https:\/\/theta-masterstudio.com\/en\/wp-json\/wp\/v2\/pages\/886","targetHints":{"allow":["GET"]}}],"collection":[{"href":"https:\/\/theta-masterstudio.com\/en\/wp-json\/wp\/v2\/pages"}],"about":[{"href":"https:\/\/theta-masterstudio.com\/en\/wp-json\/wp\/v2\/types\/page"}],"author":[{"embeddable":true,"href":"https:\/\/theta-masterstudio.com\/en\/wp-json\/wp\/v2\/users\/1"}],"replies":[{"embeddable":true,"href":"https:\/\/theta-masterstudio.com\/en\/wp-json\/wp\/v2\/comments?post=886"}],"version-history":[{"count":3,"href":"https:\/\/theta-masterstudio.com\/en\/wp-json\/wp\/v2\/pages\/886\/revisions"}],"predecessor-version":[{"id":1098,"href":"https:\/\/theta-masterstudio.com\/en\/wp-json\/wp\/v2\/pages\/886\/revisions\/1098"}],"wp:attachment":[{"href":"https:\/\/theta-masterstudio.com\/en\/wp-json\/wp\/v2\/media?parent=886"}],"curies":[{"name":"wp","href":"https:\/\/api.w.org\/{rel}","templated":true}]}}