{"id":479,"date":"2026-02-10T22:16:52","date_gmt":"2026-02-10T22:16:52","guid":{"rendered":"https:\/\/theta-masterstudio.com\/?page_id=479"},"modified":"2026-03-11T19:50:55","modified_gmt":"2026-03-11T19:50:55","slug":"taisykles-ir-salygos","status":"publish","type":"page","link":"https:\/\/theta-masterstudio.com\/en\/taisykles-ir-salygos\/","title":{"rendered":"Terms and conditions"},"content":{"rendered":"<div class=\"tms-legal-page\">\n\n  <section class=\"tms-legal-hero\">\n    <div class=\"tms-legal-hero-box\">\n      <div class=\"tms-legal-kicker\">THETA MASTER STUDIO<\/div>\n      <h1>Terms and conditions<\/h1>\n      <p class=\"tms-legal-intro\">\n        These rules set out the terms and conditions for purchasing Theta Master Studio digital sessions, using the website, payment and liability.\n      <\/p>\n    <\/div>\n  <\/section>\n\n  <section class=\"tms-legal-content\">\n    <div class=\"tms-legal-box\">\n\n      <div class=\"tms-legal-section\">\n        <h2>1. General provisions<\/h2>\n        <p>\n          By using the website and purchasing digital sessions, you confirm that you have read and agree to be bound by these rules.\n        <\/p>\n        <p>\n          Theta Master Studio reserves the right to update the rules at any time by changing their content on the website.\n        <\/p>\n      <\/div>\n\n      <div class=\"tms-legal-section\">\n        <h2>2. Nature of the products<\/h2>\n        <p>\n          The website sells digital audio sessions for relaxation, self-regulation, concentration, or other described purposes.\n        <\/p>\n        <p>\n          All products are digital. After payment, the buyer receives access to the purchased content in the manner provided on the website.\n        <\/p>\n      <\/div>\n\n      <div class=\"tms-legal-section\">\n        <h2>3. Intended use<\/h2>\n        <p>\n          Theta Master Studio sessions are not a medical service, treatment, diagnostic method, or individual healthcare consultation.\n        <\/p>\n        <p>\n          If you have a serious medical condition, questions about your condition, or are unsure whether specific audio content is appropriate for you, you should consult a healthcare professional.\n        <\/p>\n      <\/div>\n\n      <div class=\"tms-legal-section\">\n        <h2>4. Purchase and payment<\/h2>\n        <p>\n          Product prices are displayed on the website at the time of purchase. The buyer pays\nvia the payment methods active on the website at that time.\n        <\/p>\n        <p>\n          The order is considered completed after successful payment confirmation.\n        <\/p>\n      <\/div>\n\n      <div class=\"tms-legal-section\">\n        <h2>5. Return of digital content<\/h2>\n        <p>\n          Since the digital content sold is provided immediately after payment,\nthe possibility of a refund may be limited by applicable law,\nwhen the provision of the digital content has already begun with the buyer's consent.\n        <\/p>\n        <p>\n          If you have a technical problem or are unable to access your purchased content,\nplease contact us via the Contact page \u2014 the situation will be resolved individually.\n        <\/p>\n      <\/div>\n\n      <div class=\"tms-legal-section\">\n        <h2>6. Intellectual property<\/h2>\n        <p>\n          All materials on the website, including audio sessions, texts, titles, visuals and other content, are owned by Theta Master Studio or are used legally.\n        <\/p>\n        <p>\n          Copying, distributing, reselling, publicly posting or otherwise using\nthe content without prior written permission is prohibited.\n        <\/p>\n      <\/div>\n\n      <div class=\"tms-legal-section\">\n        <h2>7. Limitation of liability<\/h2>\n        <p>\n          Theta Master Studio is not responsible for improper use of products, individual subjective sensations or expectations that are not clearly stated in the product description.\n        <\/p>\n        <p>\n          The buyer is solely responsible for using the sessions in a safe environment and for their intended purpose.\n        <\/p>\n      <\/div>\n\n      <div class=\"tms-legal-section\">\n        <h2>8. Contacts<\/h2>\n        <p class=\" translation-block\">If you have any questions about the rules, ordering or using the site,\nplease use the <a href=\"\/contacts\/\" target=\"_self\">Contacts<\/a> page.<\/p>\n      <\/div>\n\n    <\/div>\n  <\/section>\n\n<\/div>","protected":false},"excerpt":{"rendered":"<p>THETA MASTER STUDIO Taisykl\u0117s ir s\u0105lygos \u0160ios taisykl\u0117s nustato Theta Master Studio skaitmenini\u0173 seans\u0173 \u012fsigijimo, naudojimosi svetaine, apmok\u0117jimo ir atsakomyb\u0117s [&hellip;]<\/p>\n","protected":false},"author":1,"featured_media":0,"parent":0,"menu_order":0,"comment_status":"closed","ping_status":"closed","template":"","meta":{"site-sidebar-layout":"default","site-content-layout":"","ast-site-content-layout":"default","site-content-style":"default","site-sidebar-style":"default","ast-global-header-display":"","ast-banner-title-visibility":"","ast-main-header-display":"","ast-hfb-above-header-display":"","ast-hfb-below-header-display":"","ast-hfb-mobile-header-display":"","site-post-title":"","ast-breadcrumbs-content":"","ast-featured-img":"","footer-sml-layout":"","ast-disable-related-posts":"","theme-transparent-header-meta":"","adv-header-id-meta":"","stick-header-meta":"","header-above-stick-meta":"","header-main-stick-meta":"","header-below-stick-meta":"","astra-migrate-meta-layouts":"default","ast-page-background-enabled":"default","ast-page-background-meta":{"desktop":{"background-color":"var(--ast-global-color-5)","background-image":"","background-repeat":"repeat","background-position":"center center","background-size":"auto","background-attachment":"scroll","background-type":"","background-media":"","overlay-type":"","overlay-color":"","overlay-opacity":"","overlay-gradient":""},"tablet":{"background-color":"","background-image":"","background-repeat":"repeat","background-position":"center center","background-size":"auto","background-attachment":"scroll","background-type":"","background-media":"","overlay-type":"","overlay-color":"","overlay-opacity":"","overlay-gradient":""},"mobile":{"background-color":"","background-image":"","background-repeat":"repeat","background-position":"center center","background-size":"auto","background-attachment":"scroll","background-type":"","background-media":"","overlay-type":"","overlay-color":"","overlay-opacity":"","overlay-gradient":""}},"ast-content-background-meta":{"desktop":{"background-color":"var(--ast-global-color-4)","background-image":"","background-repeat":"repeat","background-position":"center center","background-size":"auto","background-attachment":"scroll","background-type":"","background-media":"","overlay-type":"","overlay-color":"","overlay-opacity":"","overlay-gradient":""},"tablet":{"background-color":"var(--ast-global-color-4)","background-image":"","background-repeat":"repeat","background-position":"center center","background-size":"auto","background-attachment":"scroll","background-type":"","background-media":"","overlay-type":"","overlay-color":"","overlay-opacity":"","overlay-gradient":""},"mobile":{"background-color":"var(--ast-global-color-4)","background-image":"","background-repeat":"repeat","background-position":"center center","background-size":"auto","background-attachment":"scroll","background-type":"","background-media":"","overlay-type":"","overlay-color":"","overlay-opacity":"","overlay-gradient":""}},"footnotes":""},"class_list":["post-479","page","type-page","status-publish","hentry"],"jetpack_sharing_enabled":true,"_links":{"self":[{"href":"https:\/\/theta-masterstudio.com\/en\/wp-json\/wp\/v2\/pages\/479","targetHints":{"allow":["GET"]}}],"collection":[{"href":"https:\/\/theta-masterstudio.com\/en\/wp-json\/wp\/v2\/pages"}],"about":[{"href":"https:\/\/theta-masterstudio.com\/en\/wp-json\/wp\/v2\/types\/page"}],"author":[{"embeddable":true,"href":"https:\/\/theta-masterstudio.com\/en\/wp-json\/wp\/v2\/users\/1"}],"replies":[{"embeddable":true,"href":"https:\/\/theta-masterstudio.com\/en\/wp-json\/wp\/v2\/comments?post=479"}],"version-history":[{"count":2,"href":"https:\/\/theta-masterstudio.com\/en\/wp-json\/wp\/v2\/pages\/479\/revisions"}],"predecessor-version":[{"id":788,"href":"https:\/\/theta-masterstudio.com\/en\/wp-json\/wp\/v2\/pages\/479\/revisions\/788"}],"wp:attachment":[{"href":"https:\/\/theta-masterstudio.com\/en\/wp-json\/wp\/v2\/media?parent=479"}],"curies":[{"name":"wp","href":"https:\/\/api.w.org\/{rel}","templated":true}]}}