{"id":32,"date":"2025-11-18T09:55:01","date_gmt":"2025-11-18T09:55:01","guid":{"rendered":"https:\/\/theta-masterstudio.com\/?page_id=32"},"modified":"2026-03-22T13:26:03","modified_gmt":"2026-03-22T13:26:03","slug":"kontaktai","status":"publish","type":"page","link":"https:\/\/theta-masterstudio.com\/en\/kontaktai\/","title":{"rendered":"Contacts"},"content":{"rendered":"<div class=\"tms-contact-page\">\n\n  <section class=\"tms-contact-hero\">\n    <div class=\"tms-contact-hero-box\">\n      <div class=\"tms-contact-kicker\">THETA MASTER STUDIO<\/div>\n      <h1>Contacts<\/h1>\n      <p class=\"tms-contact-intro\">\n        For questions about sessions, payment, and access.\n      <\/p>\n    <\/div>\n  <\/section>\n\n  <section class=\"tms-contact-grid\">\n\n    <div class=\"tms-contact-card\">\n      <div class=\"tms-contact-icon\">\u2709\ufe0f<\/div>\n      <h3>Email<\/h3>\n      <p>Contact us by email.<\/p>\n      <a class=\"tms-contact-link\" href=\"mailto:info@theta-masterstudio.com\">info@theta-masterstudio.com<\/a>\n    <\/div>\n\n  <\/section>\n\n<\/div>","protected":false},"excerpt":{"rendered":"<p>THETA MASTER STUDIO Kontaktai Klausimams d\u0117l seans\u0173, apmok\u0117jimo ir prieigos. \u2709\ufe0f El. pa\u0161tas Kreipkis el. pa\u0161tu. info@theta-masterstudio.com<\/p>","protected":false},"author":1,"featured_media":0,"parent":0,"menu_order":0,"comment_status":"closed","ping_status":"closed","template":"","meta":{"site-sidebar-layout":"default","site-content-layout":"","ast-site-content-layout":"default","site-content-style":"default","site-sidebar-style":"default","ast-global-header-display":"","ast-banner-title-visibility":"","ast-main-header-display":"","ast-hfb-above-header-display":"","ast-hfb-below-header-display":"","ast-hfb-mobile-header-display":"","site-post-title":"","ast-breadcrumbs-content":"","ast-featured-img":"","footer-sml-layout":"","ast-disable-related-posts":"","theme-transparent-header-meta":"","adv-header-id-meta":"","stick-header-meta":"","header-above-stick-meta":"","header-main-stick-meta":"","header-below-stick-meta":"","astra-migrate-meta-layouts":"default","ast-page-background-enabled":"default","ast-page-background-meta":{"desktop":{"background-color":"var(--ast-global-color-5)","background-image":"","background-repeat":"repeat","background-position":"center center","background-size":"auto","background-attachment":"scroll","background-type":"","background-media":"","overlay-type":"","overlay-color":"","overlay-opacity":"","overlay-gradient":""},"tablet":{"background-color":"","background-image":"","background-repeat":"repeat","background-position":"center center","background-size":"auto","background-attachment":"scroll","background-type":"","background-media":"","overlay-type":"","overlay-color":"","overlay-opacity":"","overlay-gradient":""},"mobile":{"background-color":"","background-image":"","background-repeat":"repeat","background-position":"center center","background-size":"auto","background-attachment":"scroll","background-type":"","background-media":"","overlay-type":"","overlay-color":"","overlay-opacity":"","overlay-gradient":""}},"ast-content-background-meta":{"desktop":{"background-color":"var(--ast-global-color-4)","background-image":"","background-repeat":"repeat","background-position":"center center","background-size":"auto","background-attachment":"scroll","background-type":"","background-media":"","overlay-type":"","overlay-color":"","overlay-opacity":"","overlay-gradient":""},"tablet":{"background-color":"var(--ast-global-color-4)","background-image":"","background-repeat":"repeat","background-position":"center center","background-size":"auto","background-attachment":"scroll","background-type":"","background-media":"","overlay-type":"","overlay-color":"","overlay-opacity":"","overlay-gradient":""},"mobile":{"background-color":"var(--ast-global-color-4)","background-image":"","background-repeat":"repeat","background-position":"center center","background-size":"auto","background-attachment":"scroll","background-type":"","background-media":"","overlay-type":"","overlay-color":"","overlay-opacity":"","overlay-gradient":""}},"footnotes":""},"class_list":["post-32","page","type-page","status-publish","hentry"],"jetpack_sharing_enabled":true,"_links":{"self":[{"href":"https:\/\/theta-masterstudio.com\/en\/wp-json\/wp\/v2\/pages\/32","targetHints":{"allow":["GET"]}}],"collection":[{"href":"https:\/\/theta-masterstudio.com\/en\/wp-json\/wp\/v2\/pages"}],"about":[{"href":"https:\/\/theta-masterstudio.com\/en\/wp-json\/wp\/v2\/types\/page"}],"author":[{"embeddable":true,"href":"https:\/\/theta-masterstudio.com\/en\/wp-json\/wp\/v2\/users\/1"}],"replies":[{"embeddable":true,"href":"https:\/\/theta-masterstudio.com\/en\/wp-json\/wp\/v2\/comments?post=32"}],"version-history":[{"count":5,"href":"https:\/\/theta-masterstudio.com\/en\/wp-json\/wp\/v2\/pages\/32\/revisions"}],"predecessor-version":[{"id":926,"href":"https:\/\/theta-masterstudio.com\/en\/wp-json\/wp\/v2\/pages\/32\/revisions\/926"}],"wp:attachment":[{"href":"https:\/\/theta-masterstudio.com\/en\/wp-json\/wp\/v2\/media?parent=32"}],"curies":[{"name":"wp","href":"https:\/\/api.w.org\/{rel}","templated":true}]}}