{"id":13,"date":"2025-11-18T09:54:00","date_gmt":"2025-11-18T09:54:00","guid":{"rendered":"https:\/\/theta-masterstudio.com\/?page_id=13"},"modified":"2025-12-15T22:24:51","modified_gmt":"2025-12-15T22:24:51","slug":"audio-biblioteka","status":"publish","type":"page","link":"https:\/\/theta-masterstudio.com\/en\/audio-biblioteka\/","title":{"rendered":"Audio biblioteka"},"content":{"rendered":"<div class=\"wp-block-group alignfull is-layout-constrained wp-container-core-group-is-layout-8d5e8fd2 wp-block-group-is-layout-constrained\" style=\"padding-top:40px;padding-right:20px;padding-bottom:40px;padding-left:20px\">\n<h1 class=\"wp-block-heading has-text-align-center\">Audio biblioteka<\/h1>\n\n\n\n<p class=\"has-text-align-center\">Pasirinkite seans\u0105 pagal bang\u0173 da\u017en\u012f. Kiekvienas garso takelis sukurtas fokusui, ramybei ir gilesniam ry\u0161iui su savimi.<\/p>\n\n\n\n<div class=\"wp-block-group alignwide is-layout-constrained wp-block-group-is-layout-constrained\">\n<div class=\"wp-block-columns alignwide is-layout-flex wp-container-core-columns-is-layout-8b1c0158 wp-block-columns-is-layout-flex\" style=\"margin-top:40px\">\n<div class=\"wp-block-column has-border-color has-white-background-color has-background is-layout-flow wp-block-column-is-layout-flow\" style=\"border-color:#e0e0e0;border-style:solid;border-width:1px;padding-top:24px;padding-right:24px;padding-bottom:24px;padding-left:24px;box-shadow:0 10px 30px rgba(0,0,0,0.06)\">\n<figure class=\"wp-block-image size-full theta-card-logo\"><img loading=\"lazy\" decoding=\"async\" width=\"1024\" height=\"683\" src=\"https:\/\/theta-masterstudio.com\/wp-content\/uploads\/2025\/12\/ChatGPT-Image-2025-11-21-12_25_39-3-edited.png\" alt=\"\" class=\"wp-image-201\" srcset=\"https:\/\/theta-masterstudio.com\/wp-content\/uploads\/2025\/12\/ChatGPT-Image-2025-11-21-12_25_39-3-edited.png 1024w, https:\/\/theta-masterstudio.com\/wp-content\/uploads\/2025\/12\/ChatGPT-Image-2025-11-21-12_25_39-3-edited-600x400.png 600w, https:\/\/theta-masterstudio.com\/wp-content\/uploads\/2025\/12\/ChatGPT-Image-2025-11-21-12_25_39-3-edited-300x200.png 300w, https:\/\/theta-masterstudio.com\/wp-content\/uploads\/2025\/12\/ChatGPT-Image-2025-11-21-12_25_39-3-edited-768x512.png 768w\" sizes=\"auto, (max-width: 1024px) 100vw, 1024px\" \/><\/figure>\n\n\n\n<h3 class=\"wp-block-heading\">Theta 6 Hz \u2013 Gilus atsipalaidavimas<\/h3>\n\n\n\n<p>6&nbsp;Hz da\u017enis aktyvina gilaus atsipalaidavimo b\u016bsen\u0105, harmonizuoja nerv\u0173 sistem\u0105 ir \u0161velniai nuramina mintis.<\/p>\n\n\n\n<a href=\"https:\/\/theta-masterstudio.com\/259-2\/\"\nstyle=\"display:inline-block;margin-top:10px;padding:12px 24px;background:#000000;color:#ffffff;border-radius:12px;text-decoration:none;font-weight:600;font-size:15px;font-family:inherit;\">\nPer\u017ei\u016br\u0117ti sesij\u0105 \u2192\n<\/a>\n\n<\/div>\n\n\n\n<div class=\"wp-block-column has-border-color has-white-background-color has-background is-layout-flow wp-block-column-is-layout-flow\" style=\"border-color:#e0e0e0;border-style:solid;border-width:1px;padding-top:24px;padding-right:24px;padding-bottom:24px;padding-left:24px;box-shadow:0 10px 30px rgba(0,0,0,0.06)\">\n<figure class=\"wp-block-image size-full theta-card-logo\"><img loading=\"lazy\" decoding=\"async\" width=\"1024\" height=\"683\" src=\"https:\/\/theta-masterstudio.com\/wp-content\/uploads\/2025\/12\/ChatGPT-Image-2025-11-21-12_25_39-4-edited.png\" alt=\"\" class=\"wp-image-205\" srcset=\"https:\/\/theta-masterstudio.com\/wp-content\/uploads\/2025\/12\/ChatGPT-Image-2025-11-21-12_25_39-4-edited.png 1024w, https:\/\/theta-masterstudio.com\/wp-content\/uploads\/2025\/12\/ChatGPT-Image-2025-11-21-12_25_39-4-edited-600x400.png 600w, https:\/\/theta-masterstudio.com\/wp-content\/uploads\/2025\/12\/ChatGPT-Image-2025-11-21-12_25_39-4-edited-300x200.png 300w, https:\/\/theta-masterstudio.com\/wp-content\/uploads\/2025\/12\/ChatGPT-Image-2025-11-21-12_25_39-4-edited-768x512.png 768w\" sizes=\"auto, (max-width: 1024px) 100vw, 1024px\" \/><\/figure>\n\n\n\n<h3 class=\"wp-block-heading\">Theta 4 Hz \u2013 Sielos ry\u0161ys<\/h3>\n\n\n\n<p>4&nbsp;Hz da\u017enis pagilina intuicij\u0105, sustiprina vidin\u012f matym\u0105 ir padeda susijungti su gilesniu s\u0105mon\u0117s sluoksniu.<\/p>\n\n\n\n<a href=\"\/theta-4hz\/\" \n\t\t\t   style=\"display:inline-block;\t\t\t          margin-top:10px;\t\t\t          padding:12px 24px;\t\t\t          background:#000000;\t\t\t          color:#ffffff;\t\t\t          border-radius:12px;\t\t\t          text-decoration:none;\t\t\t          font-weight:600;\t\t\t          font-size:15px;\t\t\t          font-family:inherit;\">\n\t\t\t  Per\u017ei\u016br\u0117ti sesij\u0105 \u2192\n\t\t\t<\/a>\n<\/div>\n\n\n\n<div class=\"wp-block-column has-border-color has-white-background-color has-background is-layout-flow wp-block-column-is-layout-flow\" style=\"border-color:#e0e0e0;border-style:solid;border-width:1px;padding-top:24px;padding-right:24px;padding-bottom:24px;padding-left:24px;box-shadow:0 10px 30px rgba(0,0,0,0.06)\">\n<figure class=\"wp-block-image size-full theta-card-logo\"><img loading=\"lazy\" decoding=\"async\" width=\"1024\" height=\"683\" src=\"https:\/\/theta-masterstudio.com\/wp-content\/uploads\/2025\/12\/ChatGPT-Image-2025-11-21-12_25_39-5-edited.png\" alt=\"\" class=\"wp-image-209\" srcset=\"https:\/\/theta-masterstudio.com\/wp-content\/uploads\/2025\/12\/ChatGPT-Image-2025-11-21-12_25_39-5-edited.png 1024w, https:\/\/theta-masterstudio.com\/wp-content\/uploads\/2025\/12\/ChatGPT-Image-2025-11-21-12_25_39-5-edited-600x400.png 600w, https:\/\/theta-masterstudio.com\/wp-content\/uploads\/2025\/12\/ChatGPT-Image-2025-11-21-12_25_39-5-edited-300x200.png 300w, https:\/\/theta-masterstudio.com\/wp-content\/uploads\/2025\/12\/ChatGPT-Image-2025-11-21-12_25_39-5-edited-768x512.png 768w\" sizes=\"auto, (max-width: 1024px) 100vw, 1024px\" \/><\/figure>\n\n\n\n<h3 class=\"wp-block-heading\">Alpha 10 Hz \u2013 Ai\u0161kus matymas<\/h3>\n\n\n\n<p>10&nbsp;Hz alfa ritmas skaidrina m\u0105stym\u0105, gerina koncentracij\u0105 ir palaiko ram\u0173, bet budr\u0173 d\u0117mesio fokus\u0105.<\/p>\n\n\n\n<a href=\"\/alpha-10hz\/\" \n\t\t\t   style=\"display:inline-block;\t\t\t          margin-top:10px;\t\t\t          padding:12px 24px;\t\t\t          background:#000000;\t\t\t          color:#ffffff;\t\t\t          border-radius:12px;\t\t\t          text-decoration:none;\t\t\t          font-weight:600;\t\t\t          font-size:15px;\t\t\t          font-family:inherit;\">\n\t\t\t  Per\u017ei\u016br\u0117ti sesij\u0105 \u2192\n\t\t\t<\/a>\n<\/div>\n<\/div>\n<\/div>\n<\/div>\n\n\n\n<p><\/p>","protected":false},"excerpt":{"rendered":"<p>Audio biblioteka Pasirinkite seans\u0105 pagal bang\u0173 da\u017en\u012f. Kiekvienas garso takelis sukurtas fokusui, ramybei ir gilesniam ry\u0161iui su savimi. Theta 6 [&hellip;]<\/p>\n","protected":false},"author":1,"featured_media":0,"parent":0,"menu_order":0,"comment_status":"closed","ping_status":"closed","template":"","meta":{"site-sidebar-layout":"default","site-content-layout":"","ast-site-content-layout":"default","site-content-style":"default","site-sidebar-style":"default","ast-global-header-display":"","ast-banner-title-visibility":"","ast-main-header-display":"","ast-hfb-above-header-display":"","ast-hfb-below-header-display":"","ast-hfb-mobile-header-display":"","site-post-title":"","ast-breadcrumbs-content":"","ast-featured-img":"","footer-sml-layout":"","ast-disable-related-posts":"","theme-transparent-header-meta":"","adv-header-id-meta":"","stick-header-meta":"","header-above-stick-meta":"","header-main-stick-meta":"","header-below-stick-meta":"","astra-migrate-meta-layouts":"default","ast-page-background-enabled":"default","ast-page-background-meta":{"desktop":{"background-color":"var(--ast-global-color-5)","background-image":"","background-repeat":"repeat","background-position":"center center","background-size":"auto","background-attachment":"scroll","background-type":"","background-media":"","overlay-type":"","overlay-color":"","overlay-opacity":"","overlay-gradient":""},"tablet":{"background-color":"","background-image":"","background-repeat":"repeat","background-position":"center center","background-size":"auto","background-attachment":"scroll","background-type":"","background-media":"","overlay-type":"","overlay-color":"","overlay-opacity":"","overlay-gradient":""},"mobile":{"background-color":"","background-image":"","background-repeat":"repeat","background-position":"center center","background-size":"auto","background-attachment":"scroll","background-type":"","background-media":"","overlay-type":"","overlay-color":"","overlay-opacity":"","overlay-gradient":""}},"ast-content-background-meta":{"desktop":{"background-color":"var(--ast-global-color-4)","background-image":"","background-repeat":"repeat","background-position":"center center","background-size":"auto","background-attachment":"scroll","background-type":"","background-media":"","overlay-type":"","overlay-color":"","overlay-opacity":"","overlay-gradient":""},"tablet":{"background-color":"var(--ast-global-color-4)","background-image":"","background-repeat":"repeat","background-position":"center center","background-size":"auto","background-attachment":"scroll","background-type":"","background-media":"","overlay-type":"","overlay-color":"","overlay-opacity":"","overlay-gradient":""},"mobile":{"background-color":"var(--ast-global-color-4)","background-image":"","background-repeat":"repeat","background-position":"center center","background-size":"auto","background-attachment":"scroll","background-type":"","background-media":"","overlay-type":"","overlay-color":"","overlay-opacity":"","overlay-gradient":""}},"footnotes":""},"class_list":["post-13","page","type-page","status-publish","hentry"],"jetpack_sharing_enabled":true,"_links":{"self":[{"href":"https:\/\/theta-masterstudio.com\/en\/wp-json\/wp\/v2\/pages\/13","targetHints":{"allow":["GET"]}}],"collection":[{"href":"https:\/\/theta-masterstudio.com\/en\/wp-json\/wp\/v2\/pages"}],"about":[{"href":"https:\/\/theta-masterstudio.com\/en\/wp-json\/wp\/v2\/types\/page"}],"author":[{"embeddable":true,"href":"https:\/\/theta-masterstudio.com\/en\/wp-json\/wp\/v2\/users\/1"}],"replies":[{"embeddable":true,"href":"https:\/\/theta-masterstudio.com\/en\/wp-json\/wp\/v2\/comments?post=13"}],"version-history":[{"count":26,"href":"https:\/\/theta-masterstudio.com\/en\/wp-json\/wp\/v2\/pages\/13\/revisions"}],"predecessor-version":[{"id":294,"href":"https:\/\/theta-masterstudio.com\/en\/wp-json\/wp\/v2\/pages\/13\/revisions\/294"}],"wp:attachment":[{"href":"https:\/\/theta-masterstudio.com\/en\/wp-json\/wp\/v2\/media?parent=13"}],"curies":[{"name":"wp","href":"https:\/\/api.w.org\/{rel}","templated":true}]}}